{"id":7659,"date":"2023-10-04T18:16:35","date_gmt":"2023-10-04T23:16:35","guid":{"rendered":"https:\/\/americacellbank.com.co\/dr-bella-maldonado"},"modified":"2024-08-14T09:23:38","modified_gmt":"2024-08-14T14:23:38","slug":"dr-bella-maldonado","status":"publish","type":"page","link":"https:\/\/americacellbank.com.co\/en\/stem-cells\/dr-bella-maldonado\/","title":{"rendered":"Dr. Bella Maldonado"},"content":{"rendered":"\t\t<div data-elementor-type=\"wp-page\" data-elementor-id=\"7659\" class=\"elementor elementor-7659 elementor-4125\" data-elementor-post-type=\"page\">\n\t\t\t\t\t\t<section class=\"elementor-section elementor-top-section elementor-element elementor-element-1daac6c6 elementor-section-full_width elementor-section-height-min-height elementor-section-items-stretch elementor-section-content-bottom elementor-section-height-default\" data-id=\"1daac6c6\" data-element_type=\"section\">\n\t\t\t\t\t\t<div class=\"elementor-container elementor-column-gap-no\">\n\t\t\t\t\t<div class=\"elementor-column elementor-col-50 elementor-top-column elementor-element elementor-element-185b330b\" data-id=\"185b330b\" data-element_type=\"column\" data-settings=\"{&quot;background_background&quot;:&quot;classic&quot;}\">\n\t\t\t<div class=\"elementor-widget-wrap elementor-element-populated\">\n\t\t\t\t\t\t<div class=\"elementor-element elementor-element-12e6b87 elementor-widget elementor-widget-image\" data-id=\"12e6b87\" data-element_type=\"widget\" data-widget_type=\"image.default\">\n\t\t\t\t<div class=\"elementor-widget-container\">\n\t\t\t\t\t\t\t\t\t\t\t\t\t\t\t<img fetchpriority=\"high\" decoding=\"async\" width=\"800\" height=\"391\" src=\"https:\/\/americacellbank.com.co\/wp-content\/uploads\/2023\/08\/acb-logo-blanco.png\" class=\"attachment-large size-large wp-image-532\" alt=\"\" srcset=\"https:\/\/americacellbank.com.co\/wp-content\/uploads\/2023\/08\/acb-logo-blanco.png 800w, https:\/\/americacellbank.com.co\/wp-content\/uploads\/2023\/08\/acb-logo-blanco-768x375.png 768w\" sizes=\"(max-width: 800px) 100vw, 800px\" \/>\t\t\t\t\t\t\t\t\t\t\t\t\t\t\t<\/div>\n\t\t\t\t<\/div>\n\t\t\t\t<div class=\"elementor-element elementor-element-37dfeceb elementor-widget elementor-widget-theme-post-title elementor-page-title elementor-widget-heading\" data-id=\"37dfeceb\" data-element_type=\"widget\" data-widget_type=\"theme-post-title.default\">\n\t\t\t\t<div class=\"elementor-widget-container\">\n\t\t\t\t\t<h1 class=\"elementor-heading-title elementor-size-default\">Dr. Bella Maldonado<\/h1>\t\t\t\t<\/div>\n\t\t\t\t<\/div>\n\t\t\t\t<div class=\"elementor-element elementor-element-a299a16 elementor-widget elementor-widget-heading\" data-id=\"a299a16\" data-element_type=\"widget\" data-widget_type=\"heading.default\">\n\t\t\t\t<div class=\"elementor-widget-container\">\n\t\t\t\t\t<h2 class=\"elementor-heading-title elementor-size-default\">Dir. ACB Physician<\/h2>\t\t\t\t<\/div>\n\t\t\t\t<\/div>\n\t\t\t\t\t<\/div>\n\t\t<\/div>\n\t\t\t\t<div class=\"elementor-column elementor-col-50 elementor-top-column elementor-element elementor-element-5c496bf1\" data-id=\"5c496bf1\" data-element_type=\"column\">\n\t\t\t<div class=\"elementor-widget-wrap elementor-element-populated\">\n\t\t\t\t\t\t<div class=\"elementor-element elementor-element-6f060295 elementor-widget elementor-widget-image\" data-id=\"6f060295\" data-element_type=\"widget\" data-widget_type=\"image.default\">\n\t\t\t\t<div class=\"elementor-widget-container\">\n\t\t\t\t\t\t\t\t\t\t\t\t\t\t\t<img decoding=\"async\" width=\"800\" height=\"706\" src=\"https:\/\/americacellbank.com.co\/wp-content\/uploads\/2023\/08\/dr-bella-maldonado.jpg\" class=\"attachment-large size-large wp-image-150\" alt=\"Dra. Bella Maldonado\" srcset=\"https:\/\/americacellbank.com.co\/wp-content\/uploads\/2023\/08\/dr-bella-maldonado.jpg 800w, https:\/\/americacellbank.com.co\/wp-content\/uploads\/2023\/08\/dr-bella-maldonado-768x678.jpg 768w\" sizes=\"(max-width: 800px) 100vw, 800px\" \/>\t\t\t\t\t\t\t\t\t\t\t\t\t\t\t<\/div>\n\t\t\t\t<\/div>\n\t\t\t\t\t<\/div>\n\t\t<\/div>\n\t\t\t\t\t<\/div>\n\t\t<\/section>\n\t\t\t\t<section class=\"elementor-section elementor-top-section elementor-element elementor-element-7abd88ed elementor-section-full_width elementor-section-height-default elementor-section-height-default\" data-id=\"7abd88ed\" data-element_type=\"section\">\n\t\t\t\t\t\t<div class=\"elementor-container elementor-column-gap-no\">\n\t\t\t\t\t<div class=\"elementor-column elementor-col-33 elementor-top-column elementor-element elementor-element-6547cbf8\" data-id=\"6547cbf8\" data-element_type=\"column\">\n\t\t\t<div class=\"elementor-widget-wrap elementor-element-populated\">\n\t\t\t\t\t\t<div class=\"elementor-element elementor-element-4f3d6619 animated-slow elementor-absolute elementor-invisible elementor-widget elementor-widget-spacer\" data-id=\"4f3d6619\" data-element_type=\"widget\" data-settings=\"{&quot;_animation&quot;:&quot;fadeInLeft&quot;,&quot;_position&quot;:&quot;absolute&quot;}\" data-widget_type=\"spacer.default\">\n\t\t\t\t<div class=\"elementor-widget-container\">\n\t\t\t\t\t\t\t<div class=\"elementor-spacer\">\n\t\t\t<div class=\"elementor-spacer-inner\"><\/div>\n\t\t<\/div>\n\t\t\t\t\t\t<\/div>\n\t\t\t\t<\/div>\n\t\t\t\t\t<\/div>\n\t\t<\/div>\n\t\t\t\t<div class=\"elementor-column elementor-col-33 elementor-top-column elementor-element elementor-element-6f6ec6f4\" data-id=\"6f6ec6f4\" data-element_type=\"column\">\n\t\t\t<div class=\"elementor-widget-wrap elementor-element-populated\">\n\t\t\t\t\t\t<div class=\"elementor-element elementor-element-14555965 elementor-widget elementor-widget-text-editor\" data-id=\"14555965\" data-element_type=\"widget\" data-widget_type=\"text-editor.default\">\n\t\t\t\t<div class=\"elementor-widget-container\">\n\t\t\t\t\t\t\t\t\t<div>America Cell Bank Ecuador operates through <strong>SOLCA<\/strong> Sociedad de Lucha contra el C\u00e1ncer in Guayaquil.<\/div>\n<div> <\/div>\n<div>The laboratory specialized in stem cells and hematopoietic transplants in Ecuador. The <strong>HOPE<\/strong> project makes them pioneers in having the first onco-pediatric hospital in Ecuador.  <\/div>\n<div> <\/div>\n<div>In Ecuador, one out of every two children with leukemia does not survive the disease; in developed countries, 9 out of 10 do.  <\/div>\n<div> <\/div>\n<div>Dr. Bella Maldonado and her team has experience in more than 200 hematopoietic transplants, being the Head of the Transplant Unit of <strong>SOLCA<\/strong> Guayaquil.<\/div>\n<div> <\/div>\n<div>America Cell Bank is fortunate to offer its customers the knowledge and experience of Dr. Maldonado for any consultation or treatment.<\/div>\n<div> <\/div>\n<div>To have an institutional agreement with the first institution in the country in pediatric oncology.<\/div>\n\t\t\t\t\t\t\t\t<\/div>\n\t\t\t\t<\/div>\n\t\t\t\t\t<\/div>\n\t\t<\/div>\n\t\t\t\t<div class=\"elementor-column elementor-col-33 elementor-top-column elementor-element elementor-element-2dd41ad6\" data-id=\"2dd41ad6\" data-element_type=\"column\">\n\t\t\t<div class=\"elementor-widget-wrap elementor-element-populated\">\n\t\t\t\t\t\t<div class=\"elementor-element elementor-element-60091052 animated-slow elementor-widget-laptop__width-initial elementor-invisible elementor-widget elementor-widget-spacer\" data-id=\"60091052\" data-element_type=\"widget\" data-settings=\"{&quot;_animation&quot;:&quot;fadeInRight&quot;}\" data-widget_type=\"spacer.default\">\n\t\t\t\t<div class=\"elementor-widget-container\">\n\t\t\t\t\t\t\t<div class=\"elementor-spacer\">\n\t\t\t<div class=\"elementor-spacer-inner\"><\/div>\n\t\t<\/div>\n\t\t\t\t\t\t<\/div>\n\t\t\t\t<\/div>\n\t\t\t\t\t<\/div>\n\t\t<\/div>\n\t\t\t\t\t<\/div>\n\t\t<\/section>\n\t\t\t\t<section class=\"elementor-section elementor-top-section elementor-element elementor-element-46115ea4 elementor-section-boxed elementor-section-height-default elementor-section-height-default\" data-id=\"46115ea4\" data-element_type=\"section\">\n\t\t\t\t\t\t<div class=\"elementor-container elementor-column-gap-default\">\n\t\t\t\t\t<div class=\"elementor-column elementor-col-50 elementor-top-column elementor-element elementor-element-26a2c153\" data-id=\"26a2c153\" data-element_type=\"column\">\n\t\t\t<div class=\"elementor-widget-wrap elementor-element-populated\">\n\t\t\t\t\t\t<div class=\"elementor-element elementor-element-d3409e1 elementor-widget elementor-widget-heading\" data-id=\"d3409e1\" data-element_type=\"widget\" data-widget_type=\"heading.default\">\n\t\t\t\t<div class=\"elementor-widget-container\">\n\t\t\t\t\t<h3 class=\"elementor-heading-title elementor-size-default\">Dr. Bella Maldonado is the Medical Director of <b>America Cell Bank.<\/b><\/h3>\t\t\t\t<\/div>\n\t\t\t\t<\/div>\n\t\t\t\t<div class=\"elementor-element elementor-element-9d219d3 elementor-widget__width-initial elementor-widget-tablet__width-initial elementor-widget-mobile__width-initial elementor-widget elementor-widget-image\" data-id=\"9d219d3\" data-element_type=\"widget\" data-widget_type=\"image.default\">\n\t\t\t\t<div class=\"elementor-widget-container\">\n\t\t\t\t\t\t\t\t\t\t\t\t\t\t\t<img decoding=\"async\" width=\"800\" height=\"394\" src=\"https:\/\/americacellbank.com.co\/wp-content\/uploads\/2023\/10\/logo-solca-medium.png\" class=\"attachment-large size-large wp-image-4785\" alt=\"\" srcset=\"https:\/\/americacellbank.com.co\/wp-content\/uploads\/2023\/10\/logo-solca-medium.png 800w, https:\/\/americacellbank.com.co\/wp-content\/uploads\/2023\/10\/logo-solca-medium-768x378.png 768w\" sizes=\"(max-width: 800px) 100vw, 800px\" \/>\t\t\t\t\t\t\t\t\t\t\t\t\t\t\t<\/div>\n\t\t\t\t<\/div>\n\t\t\t\t<div class=\"elementor-element elementor-element-d48ba48 elementor-widget__width-auto elementor-widget-laptop__width-initial elementor-widget-mobile__width-initial elementor-widget elementor-widget-image\" data-id=\"d48ba48\" data-element_type=\"widget\" data-widget_type=\"image.default\">\n\t\t\t\t<div class=\"elementor-widget-container\">\n\t\t\t\t\t\t\t\t\t\t\t\t\t\t\t<img loading=\"lazy\" decoding=\"async\" width=\"205\" height=\"158\" src=\"https:\/\/americacellbank.com.co\/wp-content\/uploads\/2023\/10\/logo-hope-2020.png\" class=\"attachment-large size-large wp-image-4300\" alt=\"\" \/>\t\t\t\t\t\t\t\t\t\t\t\t\t\t\t<\/div>\n\t\t\t\t<\/div>\n\t\t\t\t\t<\/div>\n\t\t<\/div>\n\t\t\t\t<div class=\"elementor-column elementor-col-50 elementor-top-column elementor-element elementor-element-3323249\" data-id=\"3323249\" data-element_type=\"column\">\n\t\t\t<div class=\"elementor-widget-wrap elementor-element-populated\">\n\t\t\t\t\t\t<div class=\"elementor-element elementor-element-59a85051 elementor-widget elementor-widget-video\" data-id=\"59a85051\" data-element_type=\"widget\" data-settings=\"{&quot;youtube_url&quot;:&quot;https:\\\/\\\/www.youtube.com\\\/watch?v=4qW--cJgTbU=youtu.be=1&quot;,&quot;video_type&quot;:&quot;youtube&quot;,&quot;controls&quot;:&quot;yes&quot;}\" data-widget_type=\"video.default\">\n\t\t\t\t<div class=\"elementor-widget-container\">\n\t\t\t\t\t\t\t<div class=\"elementor-wrapper elementor-open-inline\">\n\t\t\t<div class=\"elementor-video\"><\/div>\t\t<\/div>\n\t\t\t\t\t\t<\/div>\n\t\t\t\t<\/div>\n\t\t\t\t\t<\/div>\n\t\t<\/div>\n\t\t\t\t\t<\/div>\n\t\t<\/section>\n\t\t\t\t<\/div>\n\t\t","protected":false},"excerpt":{"rendered":"<p>Dir. ACB Physician America Cell Bank Ecuador operates through SOLCA Sociedad de Lucha contra el C\u00e1ncer in Guayaquil. The laboratory specialized in stem cells and hematopoietic transplants in Ecuador. The HOPE project makes them pioneers in having the first onco-pediatric hospital in Ecuador. In Ecuador, one out of every two children with leukemia does not [&hellip;]<\/p>\n","protected":false},"author":1,"featured_media":0,"parent":7690,"menu_order":0,"comment_status":"closed","ping_status":"closed","template":"","meta":{"_acf_changed":false,"site-sidebar-layout":"no-sidebar","site-content-layout":"","ast-site-content-layout":"full-width-container","site-content-style":"default","site-sidebar-style":"default","ast-global-header-display":"","ast-banner-title-visibility":"","ast-main-header-display":"","ast-hfb-above-header-display":"","ast-hfb-below-header-display":"","ast-hfb-mobile-header-display":"","site-post-title":"disabled","ast-breadcrumbs-content":"","ast-featured-img":"disabled","footer-sml-layout":"","theme-transparent-header-meta":"","adv-header-id-meta":"","stick-header-meta":"","header-above-stick-meta":"","header-main-stick-meta":"","header-below-stick-meta":"","astra-migrate-meta-layouts":"default","ast-page-background-enabled":"default","ast-page-background-meta":{"desktop":{"background-color":"var(--ast-global-color-4)","background-image":"","background-repeat":"repeat","background-position":"center center","background-size":"auto","background-attachment":"scroll","background-type":"","background-media":"","overlay-type":"","overlay-color":"","overlay-opacity":"","overlay-gradient":""},"tablet":{"background-color":"","background-image":"","background-repeat":"repeat","background-position":"center center","background-size":"auto","background-attachment":"scroll","background-type":"","background-media":"","overlay-type":"","overlay-color":"","overlay-opacity":"","overlay-gradient":""},"mobile":{"background-color":"","background-image":"","background-repeat":"repeat","background-position":"center center","background-size":"auto","background-attachment":"scroll","background-type":"","background-media":"","overlay-type":"","overlay-color":"","overlay-opacity":"","overlay-gradient":""}},"ast-content-background-meta":{"desktop":{"background-color":"var(--ast-global-color-5)","background-image":"","background-repeat":"repeat","background-position":"center center","background-size":"auto","background-attachment":"scroll","background-type":"","background-media":"","overlay-type":"","overlay-color":"","overlay-opacity":"","overlay-gradient":""},"tablet":{"background-color":"var(--ast-global-color-5)","background-image":"","background-repeat":"repeat","background-position":"center center","background-size":"auto","background-attachment":"scroll","background-type":"","background-media":"","overlay-type":"","overlay-color":"","overlay-opacity":"","overlay-gradient":""},"mobile":{"background-color":"var(--ast-global-color-5)","background-image":"","background-repeat":"repeat","background-position":"center center","background-size":"auto","background-attachment":"scroll","background-type":"","background-media":"","overlay-type":"","overlay-color":"","overlay-opacity":"","overlay-gradient":""}},"footnotes":""},"class_list":["post-7659","page","type-page","status-publish","hentry"],"acf":[],"yoast_head":"<!-- This site is optimized with the Yoast SEO plugin v24.1 - https:\/\/yoast.com\/wordpress\/plugins\/seo\/ -->\n<title>Dr. Bella Maldonado - Banco de c\u00e9lulas madre en Colombia | America Cell Bank<\/title>\n<meta name=\"robots\" content=\"index, follow, max-snippet:-1, max-image-preview:large, max-video-preview:-1\" \/>\n<link rel=\"canonical\" href=\"https:\/\/americacellbank.com.co\/en\/stem-cells\/dr-bella-maldonado\/\" \/>\n<meta property=\"og:locale\" content=\"en_US\" \/>\n<meta property=\"og:type\" content=\"article\" \/>\n<meta property=\"og:title\" content=\"Dr. Bella Maldonado - Banco de c\u00e9lulas madre en Colombia | America Cell Bank\" \/>\n<meta property=\"og:description\" content=\"Dir. ACB Physician America Cell Bank Ecuador operates through SOLCA Sociedad de Lucha contra el C\u00e1ncer in Guayaquil. The laboratory specialized in stem cells and hematopoietic transplants in Ecuador. The HOPE project makes them pioneers in having the first onco-pediatric hospital in Ecuador. In Ecuador, one out of every two children with leukemia does not [&hellip;]\" \/>\n<meta property=\"og:url\" content=\"https:\/\/americacellbank.com.co\/en\/stem-cells\/dr-bella-maldonado\/\" \/>\n<meta property=\"og:site_name\" content=\"Banco de c\u00e9lulas madre en Colombia | America Cell Bank\" \/>\n<meta property=\"article:publisher\" content=\"https:\/\/www.facebook.com\/AmericaCellBankLatam\" \/>\n<meta property=\"article:modified_time\" content=\"2024-08-14T14:23:38+00:00\" \/>\n<meta property=\"og:image\" content=\"https:\/\/americacellbank.com.co\/wp-content\/uploads\/2023\/08\/acb-logo-blanco.png\" \/>\n<meta name=\"twitter:card\" content=\"summary_large_image\" \/>\n<meta name=\"twitter:label1\" content=\"Est. reading time\" \/>\n\t<meta name=\"twitter:data1\" content=\"1 minute\" \/>\n<script type=\"application\/ld+json\" class=\"yoast-schema-graph\">{\"@context\":\"https:\/\/schema.org\",\"@graph\":[{\"@type\":\"WebPage\",\"@id\":\"https:\/\/americacellbank.com.co\/en\/stem-cells\/dr-bella-maldonado\/\",\"url\":\"https:\/\/americacellbank.com.co\/en\/stem-cells\/dr-bella-maldonado\/\",\"name\":\"Dr. Bella Maldonado - Banco de c\u00e9lulas madre en Colombia | America Cell Bank\",\"isPartOf\":{\"@id\":\"https:\/\/americacellbank.com.co\/en\/#website\"},\"primaryImageOfPage\":{\"@id\":\"https:\/\/americacellbank.com.co\/en\/stem-cells\/dr-bella-maldonado\/#primaryimage\"},\"image\":{\"@id\":\"https:\/\/americacellbank.com.co\/en\/stem-cells\/dr-bella-maldonado\/#primaryimage\"},\"thumbnailUrl\":\"https:\/\/americacellbank.com.co\/wp-content\/uploads\/2023\/08\/acb-logo-blanco.png\",\"datePublished\":\"2023-10-04T23:16:35+00:00\",\"dateModified\":\"2024-08-14T14:23:38+00:00\",\"breadcrumb\":{\"@id\":\"https:\/\/americacellbank.com.co\/en\/stem-cells\/dr-bella-maldonado\/#breadcrumb\"},\"inLanguage\":\"en-US\",\"potentialAction\":[{\"@type\":\"ReadAction\",\"target\":[\"https:\/\/americacellbank.com.co\/en\/stem-cells\/dr-bella-maldonado\/\"]}]},{\"@type\":\"ImageObject\",\"inLanguage\":\"en-US\",\"@id\":\"https:\/\/americacellbank.com.co\/en\/stem-cells\/dr-bella-maldonado\/#primaryimage\",\"url\":\"https:\/\/americacellbank.com.co\/wp-content\/uploads\/2023\/08\/acb-logo-blanco.png\",\"contentUrl\":\"https:\/\/americacellbank.com.co\/wp-content\/uploads\/2023\/08\/acb-logo-blanco.png\"},{\"@type\":\"BreadcrumbList\",\"@id\":\"https:\/\/americacellbank.com.co\/en\/stem-cells\/dr-bella-maldonado\/#breadcrumb\",\"itemListElement\":[{\"@type\":\"ListItem\",\"position\":1,\"name\":\"Stem cells\",\"item\":\"https:\/\/americacellbank.com.co\/en\/stem-cells\/\"},{\"@type\":\"ListItem\",\"position\":2,\"name\":\"Dr. Bella Maldonado\"}]},{\"@type\":\"WebSite\",\"@id\":\"https:\/\/americacellbank.com.co\/en\/#website\",\"url\":\"https:\/\/americacellbank.com.co\/en\/\",\"name\":\"Banco de c\u00e9lulas madre en Colombia | America Cell Bank\",\"description\":\"Ponemos a tu disposici\u00f3n nuestro banco de c\u00e9lulas madre bajo est\u00e1ndares internacionales | Servicios exclusivos en medicina regenerativa y gen\u00e9tica avanzada.\",\"publisher\":{\"@id\":\"https:\/\/americacellbank.com.co\/en\/#organization\"},\"alternateName\":\"America Cell Bank - Medicina Regenerativa\",\"potentialAction\":[{\"@type\":\"SearchAction\",\"target\":{\"@type\":\"EntryPoint\",\"urlTemplate\":\"https:\/\/americacellbank.com.co\/en\/?s={search_term_string}\"},\"query-input\":{\"@type\":\"PropertyValueSpecification\",\"valueRequired\":true,\"valueName\":\"search_term_string\"}}],\"inLanguage\":\"en-US\"},{\"@type\":\"Organization\",\"@id\":\"https:\/\/americacellbank.com.co\/en\/#organization\",\"name\":\"America Cell Bank\",\"alternateName\":\"ACB - Medicina regenerativa\",\"url\":\"https:\/\/americacellbank.com.co\/en\/\",\"logo\":{\"@type\":\"ImageObject\",\"inLanguage\":\"en-US\",\"@id\":\"https:\/\/americacellbank.com.co\/en\/#\/schema\/logo\/image\/\",\"url\":\"https:\/\/americacellbank.com.co\/wp-content\/uploads\/2023\/08\/America-cell-bank-logo.svg\",\"contentUrl\":\"https:\/\/americacellbank.com.co\/wp-content\/uploads\/2023\/08\/America-cell-bank-logo.svg\",\"width\":253,\"height\":105,\"caption\":\"America Cell Bank\"},\"image\":{\"@id\":\"https:\/\/americacellbank.com.co\/en\/#\/schema\/logo\/image\/\"},\"sameAs\":[\"https:\/\/www.facebook.com\/AmericaCellBankLatam\",\"https:\/\/www.linkedin.com\/company\/america-cell-bank\/\",\"https:\/\/www.instagram.com\/americacellbank\/\",\"https:\/\/www.youtube.com\/@AmericaCellBank\/videos\"]}]}<\/script>\n<!-- \/ Yoast SEO plugin. -->","yoast_head_json":{"title":"Dr. Bella Maldonado - Banco de c\u00e9lulas madre en Colombia | America Cell Bank","robots":{"index":"index","follow":"follow","max-snippet":"max-snippet:-1","max-image-preview":"max-image-preview:large","max-video-preview":"max-video-preview:-1"},"canonical":"https:\/\/americacellbank.com.co\/en\/stem-cells\/dr-bella-maldonado\/","og_locale":"en_US","og_type":"article","og_title":"Dr. Bella Maldonado - Banco de c\u00e9lulas madre en Colombia | America Cell Bank","og_description":"Dir. ACB Physician America Cell Bank Ecuador operates through SOLCA Sociedad de Lucha contra el C\u00e1ncer in Guayaquil. The laboratory specialized in stem cells and hematopoietic transplants in Ecuador. The HOPE project makes them pioneers in having the first onco-pediatric hospital in Ecuador. In Ecuador, one out of every two children with leukemia does not [&hellip;]","og_url":"https:\/\/americacellbank.com.co\/en\/stem-cells\/dr-bella-maldonado\/","og_site_name":"Banco de c\u00e9lulas madre en Colombia | America Cell Bank","article_publisher":"https:\/\/www.facebook.com\/AmericaCellBankLatam","article_modified_time":"2024-08-14T14:23:38+00:00","og_image":[{"url":"https:\/\/americacellbank.com.co\/wp-content\/uploads\/2023\/08\/acb-logo-blanco.png","type":"","width":"","height":""}],"twitter_card":"summary_large_image","twitter_misc":{"Est. reading time":"1 minute"},"schema":{"@context":"https:\/\/schema.org","@graph":[{"@type":"WebPage","@id":"https:\/\/americacellbank.com.co\/en\/stem-cells\/dr-bella-maldonado\/","url":"https:\/\/americacellbank.com.co\/en\/stem-cells\/dr-bella-maldonado\/","name":"Dr. Bella Maldonado - Banco de c\u00e9lulas madre en Colombia | America Cell Bank","isPartOf":{"@id":"https:\/\/americacellbank.com.co\/en\/#website"},"primaryImageOfPage":{"@id":"https:\/\/americacellbank.com.co\/en\/stem-cells\/dr-bella-maldonado\/#primaryimage"},"image":{"@id":"https:\/\/americacellbank.com.co\/en\/stem-cells\/dr-bella-maldonado\/#primaryimage"},"thumbnailUrl":"https:\/\/americacellbank.com.co\/wp-content\/uploads\/2023\/08\/acb-logo-blanco.png","datePublished":"2023-10-04T23:16:35+00:00","dateModified":"2024-08-14T14:23:38+00:00","breadcrumb":{"@id":"https:\/\/americacellbank.com.co\/en\/stem-cells\/dr-bella-maldonado\/#breadcrumb"},"inLanguage":"en-US","potentialAction":[{"@type":"ReadAction","target":["https:\/\/americacellbank.com.co\/en\/stem-cells\/dr-bella-maldonado\/"]}]},{"@type":"ImageObject","inLanguage":"en-US","@id":"https:\/\/americacellbank.com.co\/en\/stem-cells\/dr-bella-maldonado\/#primaryimage","url":"https:\/\/americacellbank.com.co\/wp-content\/uploads\/2023\/08\/acb-logo-blanco.png","contentUrl":"https:\/\/americacellbank.com.co\/wp-content\/uploads\/2023\/08\/acb-logo-blanco.png"},{"@type":"BreadcrumbList","@id":"https:\/\/americacellbank.com.co\/en\/stem-cells\/dr-bella-maldonado\/#breadcrumb","itemListElement":[{"@type":"ListItem","position":1,"name":"Stem cells","item":"https:\/\/americacellbank.com.co\/en\/stem-cells\/"},{"@type":"ListItem","position":2,"name":"Dr. Bella Maldonado"}]},{"@type":"WebSite","@id":"https:\/\/americacellbank.com.co\/en\/#website","url":"https:\/\/americacellbank.com.co\/en\/","name":"Banco de c\u00e9lulas madre en Colombia | America Cell Bank","description":"Ponemos a tu disposici\u00f3n nuestro banco de c\u00e9lulas madre bajo est\u00e1ndares internacionales | Servicios exclusivos en medicina regenerativa y gen\u00e9tica avanzada.","publisher":{"@id":"https:\/\/americacellbank.com.co\/en\/#organization"},"alternateName":"America Cell Bank - Medicina Regenerativa","potentialAction":[{"@type":"SearchAction","target":{"@type":"EntryPoint","urlTemplate":"https:\/\/americacellbank.com.co\/en\/?s={search_term_string}"},"query-input":{"@type":"PropertyValueSpecification","valueRequired":true,"valueName":"search_term_string"}}],"inLanguage":"en-US"},{"@type":"Organization","@id":"https:\/\/americacellbank.com.co\/en\/#organization","name":"America Cell Bank","alternateName":"ACB - Medicina regenerativa","url":"https:\/\/americacellbank.com.co\/en\/","logo":{"@type":"ImageObject","inLanguage":"en-US","@id":"https:\/\/americacellbank.com.co\/en\/#\/schema\/logo\/image\/","url":"https:\/\/americacellbank.com.co\/wp-content\/uploads\/2023\/08\/America-cell-bank-logo.svg","contentUrl":"https:\/\/americacellbank.com.co\/wp-content\/uploads\/2023\/08\/America-cell-bank-logo.svg","width":253,"height":105,"caption":"America Cell Bank"},"image":{"@id":"https:\/\/americacellbank.com.co\/en\/#\/schema\/logo\/image\/"},"sameAs":["https:\/\/www.facebook.com\/AmericaCellBankLatam","https:\/\/www.linkedin.com\/company\/america-cell-bank\/","https:\/\/www.instagram.com\/americacellbank\/","https:\/\/www.youtube.com\/@AmericaCellBank\/videos"]}]}},"_links":{"self":[{"href":"https:\/\/americacellbank.com.co\/en\/wp-json\/wp\/v2\/pages\/7659","targetHints":{"allow":["GET"]}}],"collection":[{"href":"https:\/\/americacellbank.com.co\/en\/wp-json\/wp\/v2\/pages"}],"about":[{"href":"https:\/\/americacellbank.com.co\/en\/wp-json\/wp\/v2\/types\/page"}],"author":[{"embeddable":true,"href":"https:\/\/americacellbank.com.co\/en\/wp-json\/wp\/v2\/users\/1"}],"replies":[{"embeddable":true,"href":"https:\/\/americacellbank.com.co\/en\/wp-json\/wp\/v2\/comments?post=7659"}],"version-history":[{"count":2,"href":"https:\/\/americacellbank.com.co\/en\/wp-json\/wp\/v2\/pages\/7659\/revisions"}],"predecessor-version":[{"id":7668,"href":"https:\/\/americacellbank.com.co\/en\/wp-json\/wp\/v2\/pages\/7659\/revisions\/7668"}],"up":[{"embeddable":true,"href":"https:\/\/americacellbank.com.co\/en\/wp-json\/wp\/v2\/pages\/7690"}],"wp:attachment":[{"href":"https:\/\/americacellbank.com.co\/en\/wp-json\/wp\/v2\/media?parent=7659"}],"curies":[{"name":"wp","href":"https:\/\/api.w.org\/{rel}","templated":true}]}}