{"id":7672,"date":"2024-06-28T12:18:24","date_gmt":"2024-06-28T17:18:24","guid":{"rendered":"https:\/\/americacellbank.com.co\/doctors-america-cell-bank"},"modified":"2024-08-14T09:23:35","modified_gmt":"2024-08-14T14:23:35","slug":"doctors-america-cell-bank","status":"publish","type":"page","link":"https:\/\/americacellbank.com.co\/en\/doctors-america-cell-bank\/","title":{"rendered":"Doctors america cell bank"},"content":{"rendered":"\t\t<div data-elementor-type=\"wp-page\" data-elementor-id=\"7672\" class=\"elementor elementor-7672 elementor-6443\" data-elementor-post-type=\"page\">\n\t\t\t\t\t\t<section class=\"elementor-section elementor-top-section elementor-element elementor-element-2288197 elementor-section-boxed elementor-section-height-default elementor-section-height-default\" data-id=\"2288197\" data-element_type=\"section\" data-settings=\"{&quot;background_background&quot;:&quot;classic&quot;}\">\n\t\t\t\t\t\t<div class=\"elementor-container elementor-column-gap-default\">\n\t\t\t\t\t<div class=\"elementor-column elementor-col-100 elementor-top-column elementor-element elementor-element-e6b6342\" data-id=\"e6b6342\" data-element_type=\"column\">\n\t\t\t<div class=\"elementor-widget-wrap elementor-element-populated\">\n\t\t\t\t\t\t<div class=\"elementor-element elementor-element-88304cb elementor-widget elementor-widget-spacer\" data-id=\"88304cb\" data-element_type=\"widget\" data-widget_type=\"spacer.default\">\n\t\t\t\t<div class=\"elementor-widget-container\">\n\t\t\t\t\t\t\t<div class=\"elementor-spacer\">\n\t\t\t<div class=\"elementor-spacer-inner\"><\/div>\n\t\t<\/div>\n\t\t\t\t\t\t<\/div>\n\t\t\t\t<\/div>\n\t\t\t\t\t<\/div>\n\t\t<\/div>\n\t\t\t\t\t<\/div>\n\t\t<\/section>\n\t\t\t\t<section class=\"elementor-section elementor-top-section elementor-element elementor-element-c614ebf elementor-section-full_width elementor-section-height-default elementor-section-height-default\" data-id=\"c614ebf\" data-element_type=\"section\">\n\t\t\t\t\t\t<div class=\"elementor-container elementor-column-gap-default\">\n\t\t\t\t\t<div class=\"elementor-column elementor-col-100 elementor-top-column elementor-element elementor-element-625b234\" data-id=\"625b234\" data-element_type=\"column\">\n\t\t\t<div class=\"elementor-widget-wrap elementor-element-populated\">\n\t\t\t\t\t\t<section class=\"elementor-section elementor-inner-section elementor-element elementor-element-2348bf1 elementor-section-boxed elementor-section-height-default elementor-section-height-default\" data-id=\"2348bf1\" data-element_type=\"section\">\n\t\t\t\t\t\t<div class=\"elementor-container elementor-column-gap-default\">\n\t\t\t\t\t<div class=\"elementor-column elementor-col-50 elementor-inner-column elementor-element elementor-element-883306d\" data-id=\"883306d\" data-element_type=\"column\" data-settings=\"{&quot;background_background&quot;:&quot;classic&quot;}\">\n\t\t\t<div class=\"elementor-widget-wrap elementor-element-populated\">\n\t\t\t\t\t<div class=\"elementor-background-overlay\"><\/div>\n\t\t\t\t\t\t<div class=\"elementor-element elementor-element-8f52fa4 elementor-widget elementor-widget-heading\" data-id=\"8f52fa4\" data-element_type=\"widget\" data-widget_type=\"heading.default\">\n\t\t\t\t<div class=\"elementor-widget-container\">\n\t\t\t\t\t<h2 class=\"elementor-heading-title elementor-size-default\">Comprehensive training for doctors at<br>Regenerative Medicine<\/h2>\t\t\t\t<\/div>\n\t\t\t\t<\/div>\n\t\t\t\t<div class=\"elementor-element elementor-element-ccb9cae elementor-align-center elementor-widget elementor-widget-button\" data-id=\"ccb9cae\" data-element_type=\"widget\" data-widget_type=\"button.default\">\n\t\t\t\t<div class=\"elementor-widget-container\">\n\t\t\t\t\t\t\t\t\t<div class=\"elementor-button-wrapper\">\n\t\t\t\t\t<a class=\"elementor-button elementor-button-link elementor-size-sm\" href=\"#\">\n\t\t\t\t\t\t<span class=\"elementor-button-content-wrapper\">\n\t\t\t\t\t\t\t\t\t<span class=\"elementor-button-text\">+ info<\/span>\n\t\t\t\t\t<\/span>\n\t\t\t\t\t<\/a>\n\t\t\t\t<\/div>\n\t\t\t\t\t\t\t\t<\/div>\n\t\t\t\t<\/div>\n\t\t\t\t\t<\/div>\n\t\t<\/div>\n\t\t\t\t<div class=\"elementor-column elementor-col-50 elementor-inner-column elementor-element elementor-element-4f1b32a\" data-id=\"4f1b32a\" data-element_type=\"column\" data-settings=\"{&quot;background_background&quot;:&quot;classic&quot;}\">\n\t\t\t<div class=\"elementor-widget-wrap elementor-element-populated\">\n\t\t\t\t\t<div class=\"elementor-background-overlay\"><\/div>\n\t\t\t\t\t\t<div class=\"elementor-element elementor-element-1e2bd12 elementor-widget elementor-widget-heading\" data-id=\"1e2bd12\" data-element_type=\"widget\" data-widget_type=\"heading.default\">\n\t\t\t\t<div class=\"elementor-widget-container\">\n\t\t\t\t\t<h2 class=\"elementor-heading-title elementor-size-default\">Bio<br>Bank<\/h2>\t\t\t\t<\/div>\n\t\t\t\t<\/div>\n\t\t\t\t<div class=\"elementor-element elementor-element-191d8e9 elementor-align-center elementor-widget elementor-widget-button\" data-id=\"191d8e9\" data-element_type=\"widget\" data-widget_type=\"button.default\">\n\t\t\t\t<div class=\"elementor-widget-container\">\n\t\t\t\t\t\t\t\t\t<div class=\"elementor-button-wrapper\">\n\t\t\t\t\t<a class=\"elementor-button elementor-button-link elementor-size-sm\" href=\"#\">\n\t\t\t\t\t\t<span class=\"elementor-button-content-wrapper\">\n\t\t\t\t\t\t\t\t\t<span class=\"elementor-button-text\">+ info<\/span>\n\t\t\t\t\t<\/span>\n\t\t\t\t\t<\/a>\n\t\t\t\t<\/div>\n\t\t\t\t\t\t\t\t<\/div>\n\t\t\t\t<\/div>\n\t\t\t\t\t<\/div>\n\t\t<\/div>\n\t\t\t\t\t<\/div>\n\t\t<\/section>\n\t\t\t\t\t<\/div>\n\t\t<\/div>\n\t\t\t\t\t<\/div>\n\t\t<\/section>\n\t\t\t\t<section class=\"elementor-section elementor-top-section elementor-element elementor-element-4f059e6 elementor-section-full_width elementor-section-height-default elementor-section-height-default\" data-id=\"4f059e6\" data-element_type=\"section\" id=\"formdocs\" data-settings=\"{&quot;background_background&quot;:&quot;classic&quot;}\">\n\t\t\t\t\t\t<div class=\"elementor-container elementor-column-gap-default\">\n\t\t\t\t\t<div class=\"elementor-column elementor-col-100 elementor-top-column elementor-element elementor-element-110e622\" data-id=\"110e622\" data-element_type=\"column\">\n\t\t\t<div class=\"elementor-widget-wrap elementor-element-populated\">\n\t\t\t\t\t\t<section class=\"elementor-section elementor-inner-section elementor-element elementor-element-7e3d184 elementor-section-boxed elementor-section-height-default elementor-section-height-default\" data-id=\"7e3d184\" data-element_type=\"section\">\n\t\t\t\t\t\t<div class=\"elementor-container elementor-column-gap-default\">\n\t\t\t\t\t<div class=\"elementor-column elementor-col-50 elementor-inner-column elementor-element elementor-element-8eae015\" data-id=\"8eae015\" data-element_type=\"column\">\n\t\t\t<div class=\"elementor-widget-wrap elementor-element-populated\">\n\t\t\t\t\t\t<div class=\"elementor-element elementor-element-52a3490 elementor-widget elementor-widget-heading\" data-id=\"52a3490\" data-element_type=\"widget\" data-widget_type=\"heading.default\">\n\t\t\t\t<div class=\"elementor-widget-container\">\n\t\t\t\t\t<span class=\"elementor-heading-title elementor-size-default\">If you are a doctor, Let's Work Together<\/span>\t\t\t\t<\/div>\n\t\t\t\t<\/div>\n\t\t\t\t<div class=\"elementor-element elementor-element-90bef49 elementor-widget elementor-widget-heading\" data-id=\"90bef49\" data-element_type=\"widget\" data-widget_type=\"heading.default\">\n\t\t\t\t<div class=\"elementor-widget-container\">\n\t\t\t\t\t<span class=\"elementor-heading-title elementor-size-default\">Write us and we will contact you.<\/span>\t\t\t\t<\/div>\n\t\t\t\t<\/div>\n\t\t\t\t<div class=\"elementor-element elementor-element-42b3eb5 elementor-button-align-end elementor-widget elementor-widget-form\" data-id=\"42b3eb5\" data-element_type=\"widget\" data-settings=\"{&quot;step_next_label&quot;:&quot;Next&quot;,&quot;step_previous_label&quot;:&quot;Previous&quot;,&quot;step_type&quot;:&quot;none&quot;,&quot;button_width&quot;:&quot;100&quot;,&quot;step_icon_shape&quot;:&quot;circle&quot;}\" data-widget_type=\"form.default\">\n\t\t\t\t<div class=\"elementor-widget-container\">\n\t\t\t\t\t\t\t<form class=\"elementor-form\" method=\"post\" name=\"ACB Doctors form\">\n\t\t\t<input type=\"hidden\" name=\"post_id\" value=\"7672\"\/>\n\t\t\t<input type=\"hidden\" name=\"form_id\" value=\"42b3eb5\"\/>\n\t\t\t<input type=\"hidden\" name=\"referer_title\" value=\"Banco de c\u00e9lulas madre en Colombia | America Cell Bank\" \/>\n\n\t\t\t\n\t\t\t<div class=\"elementor-form-fields-wrapper elementor-labels-\">\n\t\t\t\t\t\t\t\t<div class=\"elementor-field-type-text elementor-field-group elementor-column elementor-field-group-name elementor-col-100 elementor-field-required\">\n\t\t\t\t\t\t\t\t\t\t\t\t<label for=\"form-field-name\" class=\"elementor-field-label elementor-screen-only\">\n\t\t\t\t\t\t\t\tFirst and last name\t\t\t\t\t\t\t<\/label>\n\t\t\t\t\t\t\t\t\t\t\t\t\t\t<input size=\"1\" type=\"text\" name=\"form_fields[name]\" id=\"form-field-name\" class=\"elementor-field elementor-size-xs  elementor-field-textual\" placeholder=\"First and last name\" required=\"required\" aria-required=\"true\">\n\t\t\t\t\t\t\t\t\t\t\t<\/div>\n\t\t\t\t\t\t\t\t<div class=\"elementor-field-type-tel elementor-field-group elementor-column elementor-field-group-telefono elementor-col-100 elementor-field-required\">\n\t\t\t\t\t\t\t\t\t\t\t\t<label for=\"form-field-telefono\" class=\"elementor-field-label elementor-screen-only\">\n\t\t\t\t\t\t\t\tPhone\t\t\t\t\t\t\t<\/label>\n\t\t\t\t\t\t\t\t<input size=\"1\" type=\"tel\" name=\"form_fields[telefono]\" id=\"form-field-telefono\" class=\"elementor-field elementor-size-xs  elementor-field-textual\" placeholder=\"Phone\" required=\"required\" aria-required=\"true\" pattern=\"[0-9()#&amp;+*-=.]+\" title=\"Only numbers and phone characters (#, -, *, etc) are accepted.\">\n\n\t\t\t\t\t\t<\/div>\n\t\t\t\t\t\t\t\t<div class=\"elementor-field-type-email elementor-field-group elementor-column elementor-field-group-email elementor-col-100 elementor-field-required\">\n\t\t\t\t\t\t\t\t\t\t\t\t<label for=\"form-field-email\" class=\"elementor-field-label elementor-screen-only\">\n\t\t\t\t\t\t\t\tE-mail address\t\t\t\t\t\t\t<\/label>\n\t\t\t\t\t\t\t\t\t\t\t\t\t\t<input size=\"1\" type=\"email\" name=\"form_fields[email]\" id=\"form-field-email\" class=\"elementor-field elementor-size-xs  elementor-field-textual\" placeholder=\"E-mail address\" required=\"required\" aria-required=\"true\">\n\t\t\t\t\t\t\t\t\t\t\t<\/div>\n\t\t\t\t\t\t\t\t<div class=\"elementor-field-type-text elementor-field-group elementor-column elementor-field-group-field_32f221d elementor-col-100 elementor-field-required\">\n\t\t\t\t\t\t\t\t\t\t\t\t<label for=\"form-field-field_32f221d\" class=\"elementor-field-label elementor-screen-only\">\n\t\t\t\t\t\t\t\tSpecialty\t\t\t\t\t\t\t<\/label>\n\t\t\t\t\t\t\t\t\t\t\t\t\t\t<input size=\"1\" type=\"text\" name=\"form_fields[field_32f221d]\" id=\"form-field-field_32f221d\" class=\"elementor-field elementor-size-xs  elementor-field-textual\" placeholder=\"What is your specialty?\" required=\"required\" aria-required=\"true\">\n\t\t\t\t\t\t\t\t\t\t\t<\/div>\n\t\t\t\t\t\t\t\t<div class=\"elementor-field-type-textarea elementor-field-group elementor-column elementor-field-group-message elementor-col-100 elementor-field-required\">\n\t\t\t\t\t\t\t\t\t\t\t\t<label for=\"form-field-message\" class=\"elementor-field-label elementor-screen-only\">\n\t\t\t\t\t\t\t\tMessage\t\t\t\t\t\t\t<\/label>\n\t\t\t\t\t\t<textarea class=\"elementor-field-textual elementor-field  elementor-size-xs\" name=\"form_fields[message]\" id=\"form-field-message\" rows=\"4\" placeholder=\"Message...\" required=\"required\" aria-required=\"true\"><\/textarea>\t\t\t\t<\/div>\n\t\t\t\t\t\t\t\t<div class=\"elementor-field-type-acceptance elementor-field-group elementor-column elementor-field-group-field_1d9fb10 elementor-col-100 elementor-field-required\">\n\t\t\t\t\t\t\t\t\t\t\t\t<label for=\"form-field-field_1d9fb10\" class=\"elementor-field-label elementor-screen-only\">\n\t\t\t\t\t\t\t\tdata processing\t\t\t\t\t\t\t<\/label>\n\t\t\t\t\t\t\t\t<div class=\"elementor-field-subgroup\">\n\t\t\t<span class=\"elementor-field-option\">\n\t\t\t\t<input type=\"checkbox\" name=\"form_fields[field_1d9fb10]\" id=\"form-field-field_1d9fb10\" class=\"elementor-field elementor-size-xs  elementor-acceptance-field\" required=\"required\" aria-required=\"true\">\n\t\t\t\t<label for=\"form-field-field_1d9fb10\">Accept our data processing policy<\/label>\t\t\t<\/span>\n\t\t<\/div>\n\t\t\t\t\t\t<\/div>\n\t\t\t\t\t\t\t\t<div class=\"elementor-field-type-recaptcha_v3 elementor-field-group elementor-column elementor-field-group-field_fc76e5c elementor-col-100 recaptcha_v3-inline\">\n\t\t\t\t\t<div class=\"elementor-field\" id=\"form-field-field_fc76e5c\"><div class=\"elementor-g-recaptcha\" data-sitekey=\"6LewN-AoAAAAAG2DPOY1IgTALohW6Jfq1w20sTGB\" data-type=\"v3\" data-action=\"Form\" data-badge=\"inline\" data-size=\"invisible\"><\/div><\/div>\t\t\t\t<\/div>\n\t\t\t\t\t\t\t\t<div class=\"elementor-field-group elementor-column elementor-field-type-submit elementor-col-100 e-form__buttons\">\n\t\t\t\t\t<button class=\"elementor-button elementor-size-xs\" type=\"submit\">\n\t\t\t\t\t\t<span class=\"elementor-button-content-wrapper\">\n\t\t\t\t\t\t\t\t\t\t\t\t\t\t\t\t\t\t\t\t\t\t<span class=\"elementor-button-text\">Send to<\/span>\n\t\t\t\t\t\t\t\t\t\t\t\t\t<\/span>\n\t\t\t\t\t<\/button>\n\t\t\t\t<\/div>\n\t\t\t<\/div>\n\t\t<\/form>\n\t\t\t\t\t\t<\/div>\n\t\t\t\t<\/div>\n\t\t\t\t\t<\/div>\n\t\t<\/div>\n\t\t\t\t<div class=\"elementor-column elementor-col-50 elementor-inner-column elementor-element elementor-element-5b73586\" data-id=\"5b73586\" data-element_type=\"column\">\n\t\t\t<div class=\"elementor-widget-wrap\">\n\t\t\t\t\t\t\t<\/div>\n\t\t<\/div>\n\t\t\t\t\t<\/div>\n\t\t<\/section>\n\t\t\t\t\t<\/div>\n\t\t<\/div>\n\t\t\t\t\t<\/div>\n\t\t<\/section>\n\t\t\t\t<\/div>\n\t\t","protected":false},"excerpt":{"rendered":"<p>Comprehensive training for doctors atRegenerative Medicine + info BioBank + info If you are a doctor, Let&#8217;s Work Together Write us and we will contact you.<\/p>\n","protected":false},"author":1,"featured_media":0,"parent":0,"menu_order":0,"comment_status":"closed","ping_status":"closed","template":"","meta":{"_acf_changed":false,"site-sidebar-layout":"no-sidebar","site-content-layout":"","ast-site-content-layout":"full-width-container","site-content-style":"default","site-sidebar-style":"default","ast-global-header-display":"","ast-banner-title-visibility":"","ast-main-header-display":"","ast-hfb-above-header-display":"","ast-hfb-below-header-display":"","ast-hfb-mobile-header-display":"","site-post-title":"disabled","ast-breadcrumbs-content":"","ast-featured-img":"disabled","footer-sml-layout":"","theme-transparent-header-meta":"","adv-header-id-meta":"","stick-header-meta":"","header-above-stick-meta":"","header-main-stick-meta":"","header-below-stick-meta":"","astra-migrate-meta-layouts":"default","ast-page-background-enabled":"default","ast-page-background-meta":{"desktop":{"background-color":"var(--ast-global-color-4)","background-image":"","background-repeat":"repeat","background-position":"center center","background-size":"auto","background-attachment":"scroll","background-type":"","background-media":"","overlay-type":"","overlay-color":"","overlay-opacity":"","overlay-gradient":""},"tablet":{"background-color":"","background-image":"","background-repeat":"repeat","background-position":"center center","background-size":"auto","background-attachment":"scroll","background-type":"","background-media":"","overlay-type":"","overlay-color":"","overlay-opacity":"","overlay-gradient":""},"mobile":{"background-color":"","background-image":"","background-repeat":"repeat","background-position":"center center","background-size":"auto","background-attachment":"scroll","background-type":"","background-media":"","overlay-type":"","overlay-color":"","overlay-opacity":"","overlay-gradient":""}},"ast-content-background-meta":{"desktop":{"background-color":"var(--ast-global-color-5)","background-image":"","background-repeat":"repeat","background-position":"center center","background-size":"auto","background-attachment":"scroll","background-type":"","background-media":"","overlay-type":"","overlay-color":"","overlay-opacity":"","overlay-gradient":""},"tablet":{"background-color":"var(--ast-global-color-5)","background-image":"","background-repeat":"repeat","background-position":"center center","background-size":"auto","background-attachment":"scroll","background-type":"","background-media":"","overlay-type":"","overlay-color":"","overlay-opacity":"","overlay-gradient":""},"mobile":{"background-color":"var(--ast-global-color-5)","background-image":"","background-repeat":"repeat","background-position":"center center","background-size":"auto","background-attachment":"scroll","background-type":"","background-media":"","overlay-type":"","overlay-color":"","overlay-opacity":"","overlay-gradient":""}},"footnotes":""},"class_list":["post-7672","page","type-page","status-publish","hentry"],"acf":[],"yoast_head":"<!-- This site is optimized with the Yoast SEO plugin v24.1 - https:\/\/yoast.com\/wordpress\/plugins\/seo\/ -->\n<title>Doctors america cell bank - Banco de c\u00e9lulas madre en Colombia | America Cell Bank<\/title>\n<meta name=\"robots\" content=\"index, follow, max-snippet:-1, max-image-preview:large, max-video-preview:-1\" \/>\n<link rel=\"canonical\" href=\"https:\/\/americacellbank.com.co\/en\/doctors-america-cell-bank\/\" \/>\n<meta property=\"og:locale\" content=\"en_US\" \/>\n<meta property=\"og:type\" content=\"article\" \/>\n<meta property=\"og:title\" content=\"Doctors america cell bank - Banco de c\u00e9lulas madre en Colombia | America Cell Bank\" \/>\n<meta property=\"og:description\" content=\"Comprehensive training for doctors atRegenerative Medicine + info BioBank + info If you are a doctor, Let&#8217;s Work Together Write us and we will contact you.\" \/>\n<meta property=\"og:url\" content=\"https:\/\/americacellbank.com.co\/en\/doctors-america-cell-bank\/\" \/>\n<meta property=\"og:site_name\" content=\"Banco de c\u00e9lulas madre en Colombia | America Cell Bank\" \/>\n<meta property=\"article:publisher\" content=\"https:\/\/www.facebook.com\/AmericaCellBankLatam\" \/>\n<meta property=\"article:modified_time\" content=\"2024-08-14T14:23:35+00:00\" \/>\n<meta name=\"twitter:card\" content=\"summary_large_image\" \/>\n<script type=\"application\/ld+json\" class=\"yoast-schema-graph\">{\"@context\":\"https:\/\/schema.org\",\"@graph\":[{\"@type\":\"WebPage\",\"@id\":\"https:\/\/americacellbank.com.co\/en\/doctors-america-cell-bank\/\",\"url\":\"https:\/\/americacellbank.com.co\/en\/doctors-america-cell-bank\/\",\"name\":\"Doctors america cell bank - Banco de c\u00e9lulas madre en Colombia | America Cell Bank\",\"isPartOf\":{\"@id\":\"https:\/\/americacellbank.com.co\/en\/#website\"},\"datePublished\":\"2024-06-28T17:18:24+00:00\",\"dateModified\":\"2024-08-14T14:23:35+00:00\",\"inLanguage\":\"en-US\",\"potentialAction\":[{\"@type\":\"ReadAction\",\"target\":[\"https:\/\/americacellbank.com.co\/en\/doctors-america-cell-bank\/\"]}]},{\"@type\":\"WebSite\",\"@id\":\"https:\/\/americacellbank.com.co\/en\/#website\",\"url\":\"https:\/\/americacellbank.com.co\/en\/\",\"name\":\"Banco de c\u00e9lulas madre en Colombia | America Cell Bank\",\"description\":\"Ponemos a tu disposici\u00f3n nuestro banco de c\u00e9lulas madre bajo est\u00e1ndares internacionales | Servicios exclusivos en medicina regenerativa y gen\u00e9tica avanzada.\",\"publisher\":{\"@id\":\"https:\/\/americacellbank.com.co\/en\/#organization\"},\"alternateName\":\"America Cell Bank - Medicina Regenerativa\",\"potentialAction\":[{\"@type\":\"SearchAction\",\"target\":{\"@type\":\"EntryPoint\",\"urlTemplate\":\"https:\/\/americacellbank.com.co\/en\/?s={search_term_string}\"},\"query-input\":{\"@type\":\"PropertyValueSpecification\",\"valueRequired\":true,\"valueName\":\"search_term_string\"}}],\"inLanguage\":\"en-US\"},{\"@type\":\"Organization\",\"@id\":\"https:\/\/americacellbank.com.co\/en\/#organization\",\"name\":\"America Cell Bank\",\"alternateName\":\"ACB - Medicina regenerativa\",\"url\":\"https:\/\/americacellbank.com.co\/en\/\",\"logo\":{\"@type\":\"ImageObject\",\"inLanguage\":\"en-US\",\"@id\":\"https:\/\/americacellbank.com.co\/en\/#\/schema\/logo\/image\/\",\"url\":\"https:\/\/americacellbank.com.co\/wp-content\/uploads\/2023\/08\/America-cell-bank-logo.svg\",\"contentUrl\":\"https:\/\/americacellbank.com.co\/wp-content\/uploads\/2023\/08\/America-cell-bank-logo.svg\",\"width\":253,\"height\":105,\"caption\":\"America Cell Bank\"},\"image\":{\"@id\":\"https:\/\/americacellbank.com.co\/en\/#\/schema\/logo\/image\/\"},\"sameAs\":[\"https:\/\/www.facebook.com\/AmericaCellBankLatam\",\"https:\/\/www.linkedin.com\/company\/america-cell-bank\/\",\"https:\/\/www.instagram.com\/americacellbank\/\",\"https:\/\/www.youtube.com\/@AmericaCellBank\/videos\"]}]}<\/script>\n<!-- \/ Yoast SEO plugin. -->","yoast_head_json":{"title":"Doctors america cell bank - Banco de c\u00e9lulas madre en Colombia | America Cell Bank","robots":{"index":"index","follow":"follow","max-snippet":"max-snippet:-1","max-image-preview":"max-image-preview:large","max-video-preview":"max-video-preview:-1"},"canonical":"https:\/\/americacellbank.com.co\/en\/doctors-america-cell-bank\/","og_locale":"en_US","og_type":"article","og_title":"Doctors america cell bank - Banco de c\u00e9lulas madre en Colombia | America Cell Bank","og_description":"Comprehensive training for doctors atRegenerative Medicine + info BioBank + info If you are a doctor, Let&#8217;s Work Together Write us and we will contact you.","og_url":"https:\/\/americacellbank.com.co\/en\/doctors-america-cell-bank\/","og_site_name":"Banco de c\u00e9lulas madre en Colombia | America Cell Bank","article_publisher":"https:\/\/www.facebook.com\/AmericaCellBankLatam","article_modified_time":"2024-08-14T14:23:35+00:00","twitter_card":"summary_large_image","schema":{"@context":"https:\/\/schema.org","@graph":[{"@type":"WebPage","@id":"https:\/\/americacellbank.com.co\/en\/doctors-america-cell-bank\/","url":"https:\/\/americacellbank.com.co\/en\/doctors-america-cell-bank\/","name":"Doctors america cell bank - Banco de c\u00e9lulas madre en Colombia | America Cell Bank","isPartOf":{"@id":"https:\/\/americacellbank.com.co\/en\/#website"},"datePublished":"2024-06-28T17:18:24+00:00","dateModified":"2024-08-14T14:23:35+00:00","inLanguage":"en-US","potentialAction":[{"@type":"ReadAction","target":["https:\/\/americacellbank.com.co\/en\/doctors-america-cell-bank\/"]}]},{"@type":"WebSite","@id":"https:\/\/americacellbank.com.co\/en\/#website","url":"https:\/\/americacellbank.com.co\/en\/","name":"Banco de c\u00e9lulas madre en Colombia | America Cell Bank","description":"Ponemos a tu disposici\u00f3n nuestro banco de c\u00e9lulas madre bajo est\u00e1ndares internacionales | Servicios exclusivos en medicina regenerativa y gen\u00e9tica avanzada.","publisher":{"@id":"https:\/\/americacellbank.com.co\/en\/#organization"},"alternateName":"America Cell Bank - Medicina Regenerativa","potentialAction":[{"@type":"SearchAction","target":{"@type":"EntryPoint","urlTemplate":"https:\/\/americacellbank.com.co\/en\/?s={search_term_string}"},"query-input":{"@type":"PropertyValueSpecification","valueRequired":true,"valueName":"search_term_string"}}],"inLanguage":"en-US"},{"@type":"Organization","@id":"https:\/\/americacellbank.com.co\/en\/#organization","name":"America Cell Bank","alternateName":"ACB - Medicina regenerativa","url":"https:\/\/americacellbank.com.co\/en\/","logo":{"@type":"ImageObject","inLanguage":"en-US","@id":"https:\/\/americacellbank.com.co\/en\/#\/schema\/logo\/image\/","url":"https:\/\/americacellbank.com.co\/wp-content\/uploads\/2023\/08\/America-cell-bank-logo.svg","contentUrl":"https:\/\/americacellbank.com.co\/wp-content\/uploads\/2023\/08\/America-cell-bank-logo.svg","width":253,"height":105,"caption":"America Cell Bank"},"image":{"@id":"https:\/\/americacellbank.com.co\/en\/#\/schema\/logo\/image\/"},"sameAs":["https:\/\/www.facebook.com\/AmericaCellBankLatam","https:\/\/www.linkedin.com\/company\/america-cell-bank\/","https:\/\/www.instagram.com\/americacellbank\/","https:\/\/www.youtube.com\/@AmericaCellBank\/videos"]}]}},"_links":{"self":[{"href":"https:\/\/americacellbank.com.co\/en\/wp-json\/wp\/v2\/pages\/7672","targetHints":{"allow":["GET"]}}],"collection":[{"href":"https:\/\/americacellbank.com.co\/en\/wp-json\/wp\/v2\/pages"}],"about":[{"href":"https:\/\/americacellbank.com.co\/en\/wp-json\/wp\/v2\/types\/page"}],"author":[{"embeddable":true,"href":"https:\/\/americacellbank.com.co\/en\/wp-json\/wp\/v2\/users\/1"}],"replies":[{"embeddable":true,"href":"https:\/\/americacellbank.com.co\/en\/wp-json\/wp\/v2\/comments?post=7672"}],"version-history":[{"count":2,"href":"https:\/\/americacellbank.com.co\/en\/wp-json\/wp\/v2\/pages\/7672\/revisions"}],"predecessor-version":[{"id":7675,"href":"https:\/\/americacellbank.com.co\/en\/wp-json\/wp\/v2\/pages\/7672\/revisions\/7675"}],"wp:attachment":[{"href":"https:\/\/americacellbank.com.co\/en\/wp-json\/wp\/v2\/media?parent=7672"}],"curies":[{"name":"wp","href":"https:\/\/api.w.org\/{rel}","templated":true}]}}