{"id":7676,"date":"2024-03-13T12:56:00","date_gmt":"2024-03-13T17:56:00","guid":{"rendered":"https:\/\/americacellbank.com.co\/home"},"modified":"2024-09-04T21:25:06","modified_gmt":"2024-09-05T02:25:06","slug":"home","status":"publish","type":"page","link":"https:\/\/americacellbank.com.co\/en\/","title":{"rendered":"Home"},"content":{"rendered":"\t\t<div data-elementor-type=\"wp-page\" data-elementor-id=\"7676\" class=\"elementor elementor-7676 elementor-5528\" data-elementor-post-type=\"page\">\n\t\t\t\t\t\t<section class=\"elementor-section elementor-top-section elementor-element elementor-element-f5c072c elementor-section-full_width elementor-section-height-min-height elementor-section-height-default elementor-section-items-middle\" data-id=\"f5c072c\" data-element_type=\"section\" data-settings=\"{&quot;background_background&quot;:&quot;classic&quot;}\">\n\t\t\t\t\t\t<div class=\"elementor-container elementor-column-gap-default\">\n\t\t\t\t\t<div class=\"elementor-column elementor-col-100 elementor-top-column elementor-element elementor-element-1876ffc\" data-id=\"1876ffc\" data-element_type=\"column\">\n\t\t\t<div class=\"elementor-widget-wrap elementor-element-populated\">\n\t\t\t\t\t\t<section class=\"elementor-section elementor-inner-section elementor-element elementor-element-b37ddd9 elementor-section-boxed elementor-section-height-default elementor-section-height-default\" data-id=\"b37ddd9\" data-element_type=\"section\" data-settings=\"{&quot;background_background&quot;:&quot;classic&quot;}\">\n\t\t\t\t\t\t<div class=\"elementor-container elementor-column-gap-default\">\n\t\t\t\t\t<div class=\"elementor-column elementor-col-100 elementor-inner-column elementor-element elementor-element-58c12c8\" data-id=\"58c12c8\" data-element_type=\"column\">\n\t\t\t<div class=\"elementor-widget-wrap elementor-element-populated\">\n\t\t\t\t\t\t<div class=\"elementor-element elementor-element-474ec8d elementor-widget__width-initial elementor-widget elementor-widget-heading\" data-id=\"474ec8d\" data-element_type=\"widget\" data-widget_type=\"heading.default\">\n\t\t\t\t<div class=\"elementor-widget-container\">\n\t\t\t\t\t<h1 class=\"elementor-heading-title elementor-size-default\"><b>Welcome, we are America Cell Bank<\/b><br> leaders in stem cell and regenerative medicine.<\/h1>\t\t\t\t<\/div>\n\t\t\t\t<\/div>\n\t\t\t\t\t<\/div>\n\t\t<\/div>\n\t\t\t\t\t<\/div>\n\t\t<\/section>\n\t\t\t\t<section class=\"elementor-section elementor-inner-section elementor-element elementor-element-a032dfd elementor-section-boxed elementor-section-height-default elementor-section-height-default\" data-id=\"a032dfd\" data-element_type=\"section\" data-settings=\"{&quot;background_background&quot;:&quot;classic&quot;}\">\n\t\t\t\t\t\t<div class=\"elementor-container elementor-column-gap-default\">\n\t\t\t\t\t<div class=\"elementor-column elementor-col-50 elementor-inner-column elementor-element elementor-element-216ff19\" data-id=\"216ff19\" data-element_type=\"column\" data-settings=\"{&quot;background_background&quot;:&quot;classic&quot;}\">\n\t\t\t<div class=\"elementor-widget-wrap elementor-element-populated\">\n\t\t\t\t\t\t<div class=\"elementor-element elementor-element-c027e46 elementor-widget elementor-widget-heading\" data-id=\"c027e46\" data-element_type=\"widget\" data-widget_type=\"heading.default\">\n\t\t\t\t<div class=\"elementor-widget-container\">\n\t\t\t\t\t<h2 class=\"elementor-heading-title elementor-size-default\">I am pregnant,<\/h2>\t\t\t\t<\/div>\n\t\t\t\t<\/div>\n\t\t\t\t<div class=\"elementor-element elementor-element-6b47ee6 elementor-widget elementor-widget-text-editor\" data-id=\"6b47ee6\" data-element_type=\"widget\" data-widget_type=\"text-editor.default\">\n\t\t\t\t<div class=\"elementor-widget-container\">\n\t\t\t\t\t\t\t\t\t<p>I want to collect umbilical cord stem cells to protect my baby&#8217;s life.<\/p>\n\t\t\t\t\t\t\t\t<\/div>\n\t\t\t\t<\/div>\n\t\t\t\t<div class=\"elementor-element elementor-element-5897810 elementor-widget elementor-widget-button\" data-id=\"5897810\" data-element_type=\"widget\" data-widget_type=\"button.default\">\n\t\t\t\t<div class=\"elementor-widget-container\">\n\t\t\t\t\t\t\t\t\t<div class=\"elementor-button-wrapper\">\n\t\t\t\t\t<a class=\"elementor-button elementor-button-link elementor-size-sm\" href=\"https:\/\/americacellbank.com.co\/en\/stem-cells\/\" id=\"inicio-celulasmadre\">\n\t\t\t\t\t\t<span class=\"elementor-button-content-wrapper\">\n\t\t\t\t\t\t\t\t\t<span class=\"elementor-button-text\">Let's get to it!<\/span>\n\t\t\t\t\t<\/span>\n\t\t\t\t\t<\/a>\n\t\t\t\t<\/div>\n\t\t\t\t\t\t\t\t<\/div>\n\t\t\t\t<\/div>\n\t\t\t\t\t<\/div>\n\t\t<\/div>\n\t\t\t\t<div class=\"elementor-column elementor-col-50 elementor-inner-column elementor-element elementor-element-b9053a7\" data-id=\"b9053a7\" data-element_type=\"column\" data-settings=\"{&quot;background_background&quot;:&quot;classic&quot;}\">\n\t\t\t<div class=\"elementor-widget-wrap elementor-element-populated\">\n\t\t\t\t\t\t<div class=\"elementor-element elementor-element-5ebdb52 elementor-widget elementor-widget-heading\" data-id=\"5ebdb52\" data-element_type=\"widget\" data-widget_type=\"heading.default\">\n\t\t\t\t<div class=\"elementor-widget-container\">\n\t\t\t\t\t<h2 class=\"elementor-heading-title elementor-size-default\">Quality of life,  <\/h2>\t\t\t\t<\/div>\n\t\t\t\t<\/div>\n\t\t\t\t<div class=\"elementor-element elementor-element-b44440a elementor-widget elementor-widget-text-editor\" data-id=\"b44440a\" data-element_type=\"widget\" data-widget_type=\"text-editor.default\">\n\t\t\t\t<div class=\"elementor-widget-container\">\n\t\t\t\t\t\t\t\t\t<p>I want to improve my quality of life with regenerative medicine.<\/p>\n\t\t\t\t\t\t\t\t<\/div>\n\t\t\t\t<\/div>\n\t\t\t\t<div class=\"elementor-element elementor-element-e5cd0e1 elementor-widget elementor-widget-button\" data-id=\"e5cd0e1\" data-element_type=\"widget\" data-widget_type=\"button.default\">\n\t\t\t\t<div class=\"elementor-widget-container\">\n\t\t\t\t\t\t\t\t\t<div class=\"elementor-button-wrapper\">\n\t\t\t\t\t<a class=\"elementor-button elementor-button-link elementor-size-sm\" href=\"https:\/\/americacellbank.com.co\/en\/regenerative-medicine\/\">\n\t\t\t\t\t\t<span class=\"elementor-button-content-wrapper\">\n\t\t\t\t\t\t\t\t\t<span class=\"elementor-button-text\">Let's get to it!<\/span>\n\t\t\t\t\t<\/span>\n\t\t\t\t\t<\/a>\n\t\t\t\t<\/div>\n\t\t\t\t\t\t\t\t<\/div>\n\t\t\t\t<\/div>\n\t\t\t\t\t<\/div>\n\t\t<\/div>\n\t\t\t\t\t<\/div>\n\t\t<\/section>\n\t\t\t\t\t<\/div>\n\t\t<\/div>\n\t\t\t\t\t<\/div>\n\t\t<\/section>\n\t\t\t\t<section class=\"elementor-section elementor-top-section elementor-element elementor-element-8484fbf elementor-section-boxed elementor-section-height-default elementor-section-height-default\" data-id=\"8484fbf\" data-element_type=\"section\">\n\t\t\t\t\t\t<div class=\"elementor-container elementor-column-gap-default\">\n\t\t\t\t\t<div class=\"elementor-column elementor-col-16 elementor-top-column elementor-element elementor-element-b6201e6\" data-id=\"b6201e6\" data-element_type=\"column\">\n\t\t\t<div class=\"elementor-widget-wrap\">\n\t\t\t\t\t\t\t<\/div>\n\t\t<\/div>\n\t\t\t\t<div class=\"elementor-column elementor-col-66 elementor-top-column elementor-element elementor-element-9f6ce50\" data-id=\"9f6ce50\" data-element_type=\"column\">\n\t\t\t<div class=\"elementor-widget-wrap elementor-element-populated\">\n\t\t\t\t\t\t<section class=\"elementor-section elementor-inner-section elementor-element elementor-element-df5c251 elementor-section-boxed elementor-section-height-default elementor-section-height-default\" data-id=\"df5c251\" data-element_type=\"section\" data-settings=\"{&quot;background_background&quot;:&quot;classic&quot;}\">\n\t\t\t\t\t\t<div class=\"elementor-container elementor-column-gap-default\">\n\t\t\t\t\t<div class=\"elementor-column elementor-col-33 elementor-inner-column elementor-element elementor-element-584b1d1\" data-id=\"584b1d1\" data-element_type=\"column\" data-settings=\"{&quot;background_background&quot;:&quot;classic&quot;}\">\n\t\t\t<div class=\"elementor-widget-wrap\">\n\t\t\t\t\t\t\t<\/div>\n\t\t<\/div>\n\t\t\t\t<div class=\"elementor-column elementor-col-33 elementor-inner-column elementor-element elementor-element-a072a67\" data-id=\"a072a67\" data-element_type=\"column\" data-settings=\"{&quot;background_background&quot;:&quot;classic&quot;}\">\n\t\t\t<div class=\"elementor-widget-wrap elementor-element-populated\">\n\t\t\t\t\t\t<div class=\"elementor-element elementor-element-dfec9e2 elementor-widget-laptop__width-initial elementor-widget elementor-widget-heading\" data-id=\"dfec9e2\" data-element_type=\"widget\" data-widget_type=\"heading.default\">\n\t\t\t\t<div class=\"elementor-widget-container\">\n\t\t\t\t\t<span class=\"elementor-heading-title elementor-size-default\">I am a doctor<\/span>\t\t\t\t<\/div>\n\t\t\t\t<\/div>\n\t\t\t\t\t<\/div>\n\t\t<\/div>\n\t\t\t\t<div class=\"elementor-column elementor-col-33 elementor-inner-column elementor-element elementor-element-b500c9c\" data-id=\"b500c9c\" data-element_type=\"column\" data-settings=\"{&quot;background_background&quot;:&quot;classic&quot;}\">\n\t\t\t<div class=\"elementor-widget-wrap elementor-element-populated\">\n\t\t\t\t\t\t<div class=\"elementor-element elementor-element-f029f6a elementor-align-center elementor-widget elementor-widget-button\" data-id=\"f029f6a\" data-element_type=\"widget\" data-widget_type=\"button.default\">\n\t\t\t\t<div class=\"elementor-widget-container\">\n\t\t\t\t\t\t\t\t\t<div class=\"elementor-button-wrapper\">\n\t\t\t\t\t<a class=\"elementor-button elementor-button-link elementor-size-sm\" href=\"https:\/\/americacellbank.com.co\/en\/doctors-america-cell-bank\/\">\n\t\t\t\t\t\t<span class=\"elementor-button-content-wrapper\">\n\t\t\t\t\t\t\t\t\t<span class=\"elementor-button-text\">Let's work together<\/span>\n\t\t\t\t\t<\/span>\n\t\t\t\t\t<\/a>\n\t\t\t\t<\/div>\n\t\t\t\t\t\t\t\t<\/div>\n\t\t\t\t<\/div>\n\t\t\t\t\t<\/div>\n\t\t<\/div>\n\t\t\t\t\t<\/div>\n\t\t<\/section>\n\t\t\t\t\t<\/div>\n\t\t<\/div>\n\t\t\t\t<div class=\"elementor-column elementor-col-16 elementor-top-column elementor-element elementor-element-9dc2eb0\" data-id=\"9dc2eb0\" data-element_type=\"column\">\n\t\t\t<div class=\"elementor-widget-wrap\">\n\t\t\t\t\t\t\t<\/div>\n\t\t<\/div>\n\t\t\t\t\t<\/div>\n\t\t<\/section>\n\t\t\t\t<section class=\"elementor-section elementor-top-section elementor-element elementor-element-f0d5190 elementor-section-boxed elementor-section-height-default elementor-section-height-default\" data-id=\"f0d5190\" data-element_type=\"section\" data-settings=\"{&quot;background_background&quot;:&quot;classic&quot;}\">\n\t\t\t\t\t\t<div class=\"elementor-container elementor-column-gap-default\">\n\t\t\t\t\t<div class=\"elementor-column elementor-col-100 elementor-top-column elementor-element elementor-element-468a370\" data-id=\"468a370\" data-element_type=\"column\">\n\t\t\t<div class=\"elementor-widget-wrap elementor-element-populated\">\n\t\t\t\t\t\t<div class=\"elementor-element elementor-element-7cac7e4 elementor-widget elementor-widget-image\" data-id=\"7cac7e4\" data-element_type=\"widget\" data-widget_type=\"image.default\">\n\t\t\t\t<div class=\"elementor-widget-container\">\n\t\t\t\t\t\t\t\t\t\t\t\t\t\t\t<img fetchpriority=\"high\" decoding=\"async\" width=\"1200\" height=\"249\" src=\"https:\/\/americacellbank.com.co\/wp-content\/uploads\/2023\/08\/logos-footer.png\" class=\"attachment-large size-large wp-image-54\" alt=\"\" srcset=\"https:\/\/americacellbank.com.co\/wp-content\/uploads\/2023\/08\/logos-footer.png 1200w, https:\/\/americacellbank.com.co\/wp-content\/uploads\/2023\/08\/logos-footer-768x159.png 768w\" sizes=\"(max-width: 1200px) 100vw, 1200px\" \/>\t\t\t\t\t\t\t\t\t\t\t\t\t\t\t<\/div>\n\t\t\t\t<\/div>\n\t\t\t\t\t<\/div>\n\t\t<\/div>\n\t\t\t\t\t<\/div>\n\t\t<\/section>\n\t\t\t\t<\/div>\n\t\t","protected":false},"excerpt":{"rendered":"<p>Welcome, we are America Cell Bank leaders in stem cell and regenerative medicine. I am pregnant, I want to collect umbilical cord stem cells to protect my baby&#8217;s life. Let&#8217;s get to it! Quality of life, I want to improve my quality of life with regenerative medicine. Let&#8217;s get to it! I am a doctor [&hellip;]<\/p>\n","protected":false},"author":1,"featured_media":7278,"parent":0,"menu_order":0,"comment_status":"closed","ping_status":"closed","template":"elementor_canvas","meta":{"_acf_changed":false,"site-sidebar-layout":"default","site-content-layout":"","ast-site-content-layout":"full-width-container","site-content-style":"default","site-sidebar-style":"default","ast-global-header-display":"","ast-banner-title-visibility":"","ast-main-header-display":"","ast-hfb-above-header-display":"","ast-hfb-below-header-display":"","ast-hfb-mobile-header-display":"","site-post-title":"","ast-breadcrumbs-content":"","ast-featured-img":"","footer-sml-layout":"","theme-transparent-header-meta":"","adv-header-id-meta":"","stick-header-meta":"","header-above-stick-meta":"","header-main-stick-meta":"","header-below-stick-meta":"","astra-migrate-meta-layouts":"default","ast-page-background-enabled":"default","ast-page-background-meta":{"desktop":{"background-color":"var(--ast-global-color-4)","background-image":"","background-repeat":"repeat","background-position":"center center","background-size":"auto","background-attachment":"scroll","background-type":"","background-media":"","overlay-type":"","overlay-color":"","overlay-opacity":"","overlay-gradient":""},"tablet":{"background-color":"","background-image":"","background-repeat":"repeat","background-position":"center center","background-size":"auto","background-attachment":"scroll","background-type":"","background-media":"","overlay-type":"","overlay-color":"","overlay-opacity":"","overlay-gradient":""},"mobile":{"background-color":"","background-image":"","background-repeat":"repeat","background-position":"center center","background-size":"auto","background-attachment":"scroll","background-type":"","background-media":"","overlay-type":"","overlay-color":"","overlay-opacity":"","overlay-gradient":""}},"ast-content-background-meta":{"desktop":{"background-color":"var(--ast-global-color-5)","background-image":"","background-repeat":"repeat","background-position":"center center","background-size":"auto","background-attachment":"scroll","background-type":"","background-media":"","overlay-type":"","overlay-color":"","overlay-opacity":"","overlay-gradient":""},"tablet":{"background-color":"var(--ast-global-color-5)","background-image":"","background-repeat":"repeat","background-position":"center center","background-size":"auto","background-attachment":"scroll","background-type":"","background-media":"","overlay-type":"","overlay-color":"","overlay-opacity":"","overlay-gradient":""},"mobile":{"background-color":"var(--ast-global-color-5)","background-image":"","background-repeat":"repeat","background-position":"center center","background-size":"auto","background-attachment":"scroll","background-type":"","background-media":"","overlay-type":"","overlay-color":"","overlay-opacity":"","overlay-gradient":""}},"footnotes":""},"class_list":["post-7676","page","type-page","status-publish","has-post-thumbnail","hentry"],"acf":[],"yoast_head":"<!-- This site is optimized with the Yoast SEO plugin v24.1 - https:\/\/yoast.com\/wordpress\/plugins\/seo\/ -->\n<title>Stem cell banking, Regenerative Medicine - America Cell Bank<\/title>\n<meta name=\"description\" content=\"360\u00ba comprehensive service stem cell bank under international standards, exclusive services regenerative medicine and cell therapy.\" \/>\n<meta name=\"robots\" content=\"index, follow, max-snippet:-1, max-image-preview:large, max-video-preview:-1\" \/>\n<link rel=\"canonical\" href=\"https:\/\/americacellbank.com.co\/en\/\" \/>\n<meta property=\"og:locale\" content=\"en_US\" \/>\n<meta property=\"og:type\" content=\"article\" \/>\n<meta property=\"og:title\" content=\"Stem cell banking, Regenerative Medicine - America Cell Bank\" \/>\n<meta property=\"og:description\" content=\"360\u00ba comprehensive service stem cell bank under international standards, exclusive services regenerative medicine and cell therapy.\" \/>\n<meta property=\"og:url\" content=\"https:\/\/americacellbank.com.co\/en\/\" \/>\n<meta property=\"og:site_name\" content=\"Banco de c\u00e9lulas madre en Colombia | America Cell Bank\" \/>\n<meta property=\"article:publisher\" content=\"https:\/\/www.facebook.com\/AmericaCellBankLatam\" \/>\n<meta property=\"article:modified_time\" content=\"2024-09-05T02:25:06+00:00\" \/>\n<meta property=\"og:image\" content=\"https:\/\/americacellbank.com.co\/wp-content\/uploads\/2022\/10\/Medicina-Regenerativa-y-aplicaciones-terapeuticas.jpg\" \/>\n\t<meta property=\"og:image:width\" content=\"1280\" \/>\n\t<meta property=\"og:image:height\" content=\"854\" \/>\n\t<meta property=\"og:image:type\" content=\"image\/jpeg\" \/>\n<meta name=\"twitter:card\" content=\"summary_large_image\" \/>\n<meta name=\"twitter:label1\" content=\"Est. reading time\" \/>\n\t<meta name=\"twitter:data1\" content=\"1 minute\" \/>\n<script type=\"application\/ld+json\" class=\"yoast-schema-graph\">{\"@context\":\"https:\/\/schema.org\",\"@graph\":[{\"@type\":\"WebPage\",\"@id\":\"https:\/\/americacellbank.com.co\/en\/\",\"url\":\"https:\/\/americacellbank.com.co\/en\/\",\"name\":\"Stem cell banking, Regenerative Medicine - America Cell Bank\",\"isPartOf\":{\"@id\":\"https:\/\/americacellbank.com.co\/en\/#website\"},\"primaryImageOfPage\":{\"@id\":\"https:\/\/americacellbank.com.co\/en\/#primaryimage\"},\"image\":{\"@id\":\"https:\/\/americacellbank.com.co\/en\/#primaryimage\"},\"thumbnailUrl\":\"https:\/\/americacellbank.com.co\/wp-content\/uploads\/2022\/10\/Medicina-Regenerativa-y-aplicaciones-terapeuticas.jpg\",\"datePublished\":\"2024-03-13T17:56:00+00:00\",\"dateModified\":\"2024-09-05T02:25:06+00:00\",\"description\":\"360\u00ba comprehensive service stem cell bank under international standards, exclusive services regenerative medicine and cell therapy.\",\"inLanguage\":\"en-US\",\"potentialAction\":[{\"@type\":\"ReadAction\",\"target\":[\"https:\/\/americacellbank.com.co\/en\/\"]}]},{\"@type\":\"ImageObject\",\"inLanguage\":\"en-US\",\"@id\":\"https:\/\/americacellbank.com.co\/en\/#primaryimage\",\"url\":\"https:\/\/americacellbank.com.co\/wp-content\/uploads\/2022\/10\/Medicina-Regenerativa-y-aplicaciones-terapeuticas.jpg\",\"contentUrl\":\"https:\/\/americacellbank.com.co\/wp-content\/uploads\/2022\/10\/Medicina-Regenerativa-y-aplicaciones-terapeuticas.jpg\",\"width\":1280,\"height\":854},{\"@type\":\"WebSite\",\"@id\":\"https:\/\/americacellbank.com.co\/en\/#website\",\"url\":\"https:\/\/americacellbank.com.co\/en\/\",\"name\":\"Banco de c\u00e9lulas madre en Colombia | America Cell Bank\",\"description\":\"Ponemos a tu disposici\u00f3n nuestro banco de c\u00e9lulas madre bajo est\u00e1ndares internacionales | Servicios exclusivos en medicina regenerativa y gen\u00e9tica avanzada.\",\"publisher\":{\"@id\":\"https:\/\/americacellbank.com.co\/en\/#organization\"},\"alternateName\":\"America Cell Bank - Medicina Regenerativa\",\"potentialAction\":[{\"@type\":\"SearchAction\",\"target\":{\"@type\":\"EntryPoint\",\"urlTemplate\":\"https:\/\/americacellbank.com.co\/en\/?s={search_term_string}\"},\"query-input\":{\"@type\":\"PropertyValueSpecification\",\"valueRequired\":true,\"valueName\":\"search_term_string\"}}],\"inLanguage\":\"en-US\"},{\"@type\":\"Organization\",\"@id\":\"https:\/\/americacellbank.com.co\/en\/#organization\",\"name\":\"America Cell Bank\",\"alternateName\":\"ACB - Medicina regenerativa\",\"url\":\"https:\/\/americacellbank.com.co\/en\/\",\"logo\":{\"@type\":\"ImageObject\",\"inLanguage\":\"en-US\",\"@id\":\"https:\/\/americacellbank.com.co\/en\/#\/schema\/logo\/image\/\",\"url\":\"https:\/\/americacellbank.com.co\/wp-content\/uploads\/2023\/08\/America-cell-bank-logo.svg\",\"contentUrl\":\"https:\/\/americacellbank.com.co\/wp-content\/uploads\/2023\/08\/America-cell-bank-logo.svg\",\"width\":253,\"height\":105,\"caption\":\"America Cell Bank\"},\"image\":{\"@id\":\"https:\/\/americacellbank.com.co\/en\/#\/schema\/logo\/image\/\"},\"sameAs\":[\"https:\/\/www.facebook.com\/AmericaCellBankLatam\",\"https:\/\/www.linkedin.com\/company\/america-cell-bank\/\",\"https:\/\/www.instagram.com\/americacellbank\/\",\"https:\/\/www.youtube.com\/@AmericaCellBank\/videos\"]}]}<\/script>\n<!-- \/ Yoast SEO plugin. -->","yoast_head_json":{"title":"Stem cell banking, Regenerative Medicine - America Cell Bank","description":"360\u00ba comprehensive service stem cell bank under international standards, exclusive services regenerative medicine and cell therapy.","robots":{"index":"index","follow":"follow","max-snippet":"max-snippet:-1","max-image-preview":"max-image-preview:large","max-video-preview":"max-video-preview:-1"},"canonical":"https:\/\/americacellbank.com.co\/en\/","og_locale":"en_US","og_type":"article","og_title":"Stem cell banking, Regenerative Medicine - America Cell Bank","og_description":"360\u00ba comprehensive service stem cell bank under international standards, exclusive services regenerative medicine and cell therapy.","og_url":"https:\/\/americacellbank.com.co\/en\/","og_site_name":"Banco de c\u00e9lulas madre en Colombia | America Cell Bank","article_publisher":"https:\/\/www.facebook.com\/AmericaCellBankLatam","article_modified_time":"2024-09-05T02:25:06+00:00","og_image":[{"width":1280,"height":854,"url":"https:\/\/americacellbank.com.co\/wp-content\/uploads\/2022\/10\/Medicina-Regenerativa-y-aplicaciones-terapeuticas.jpg","type":"image\/jpeg"}],"twitter_card":"summary_large_image","twitter_misc":{"Est. reading time":"1 minute"},"schema":{"@context":"https:\/\/schema.org","@graph":[{"@type":"WebPage","@id":"https:\/\/americacellbank.com.co\/en\/","url":"https:\/\/americacellbank.com.co\/en\/","name":"Stem cell banking, Regenerative Medicine - America Cell Bank","isPartOf":{"@id":"https:\/\/americacellbank.com.co\/en\/#website"},"primaryImageOfPage":{"@id":"https:\/\/americacellbank.com.co\/en\/#primaryimage"},"image":{"@id":"https:\/\/americacellbank.com.co\/en\/#primaryimage"},"thumbnailUrl":"https:\/\/americacellbank.com.co\/wp-content\/uploads\/2022\/10\/Medicina-Regenerativa-y-aplicaciones-terapeuticas.jpg","datePublished":"2024-03-13T17:56:00+00:00","dateModified":"2024-09-05T02:25:06+00:00","description":"360\u00ba comprehensive service stem cell bank under international standards, exclusive services regenerative medicine and cell therapy.","inLanguage":"en-US","potentialAction":[{"@type":"ReadAction","target":["https:\/\/americacellbank.com.co\/en\/"]}]},{"@type":"ImageObject","inLanguage":"en-US","@id":"https:\/\/americacellbank.com.co\/en\/#primaryimage","url":"https:\/\/americacellbank.com.co\/wp-content\/uploads\/2022\/10\/Medicina-Regenerativa-y-aplicaciones-terapeuticas.jpg","contentUrl":"https:\/\/americacellbank.com.co\/wp-content\/uploads\/2022\/10\/Medicina-Regenerativa-y-aplicaciones-terapeuticas.jpg","width":1280,"height":854},{"@type":"WebSite","@id":"https:\/\/americacellbank.com.co\/en\/#website","url":"https:\/\/americacellbank.com.co\/en\/","name":"Banco de c\u00e9lulas madre en Colombia | America Cell Bank","description":"Ponemos a tu disposici\u00f3n nuestro banco de c\u00e9lulas madre bajo est\u00e1ndares internacionales | Servicios exclusivos en medicina regenerativa y gen\u00e9tica avanzada.","publisher":{"@id":"https:\/\/americacellbank.com.co\/en\/#organization"},"alternateName":"America Cell Bank - Medicina Regenerativa","potentialAction":[{"@type":"SearchAction","target":{"@type":"EntryPoint","urlTemplate":"https:\/\/americacellbank.com.co\/en\/?s={search_term_string}"},"query-input":{"@type":"PropertyValueSpecification","valueRequired":true,"valueName":"search_term_string"}}],"inLanguage":"en-US"},{"@type":"Organization","@id":"https:\/\/americacellbank.com.co\/en\/#organization","name":"America Cell Bank","alternateName":"ACB - Medicina regenerativa","url":"https:\/\/americacellbank.com.co\/en\/","logo":{"@type":"ImageObject","inLanguage":"en-US","@id":"https:\/\/americacellbank.com.co\/en\/#\/schema\/logo\/image\/","url":"https:\/\/americacellbank.com.co\/wp-content\/uploads\/2023\/08\/America-cell-bank-logo.svg","contentUrl":"https:\/\/americacellbank.com.co\/wp-content\/uploads\/2023\/08\/America-cell-bank-logo.svg","width":253,"height":105,"caption":"America Cell Bank"},"image":{"@id":"https:\/\/americacellbank.com.co\/en\/#\/schema\/logo\/image\/"},"sameAs":["https:\/\/www.facebook.com\/AmericaCellBankLatam","https:\/\/www.linkedin.com\/company\/america-cell-bank\/","https:\/\/www.instagram.com\/americacellbank\/","https:\/\/www.youtube.com\/@AmericaCellBank\/videos"]}]}},"_links":{"self":[{"href":"https:\/\/americacellbank.com.co\/en\/wp-json\/wp\/v2\/pages\/7676","targetHints":{"allow":["GET"]}}],"collection":[{"href":"https:\/\/americacellbank.com.co\/en\/wp-json\/wp\/v2\/pages"}],"about":[{"href":"https:\/\/americacellbank.com.co\/en\/wp-json\/wp\/v2\/types\/page"}],"author":[{"embeddable":true,"href":"https:\/\/americacellbank.com.co\/en\/wp-json\/wp\/v2\/users\/1"}],"replies":[{"embeddable":true,"href":"https:\/\/americacellbank.com.co\/en\/wp-json\/wp\/v2\/comments?post=7676"}],"version-history":[{"count":8,"href":"https:\/\/americacellbank.com.co\/en\/wp-json\/wp\/v2\/pages\/7676\/revisions"}],"predecessor-version":[{"id":7949,"href":"https:\/\/americacellbank.com.co\/en\/wp-json\/wp\/v2\/pages\/7676\/revisions\/7949"}],"wp:featuredmedia":[{"embeddable":true,"href":"https:\/\/americacellbank.com.co\/en\/wp-json\/wp\/v2\/media\/7278"}],"wp:attachment":[{"href":"https:\/\/americacellbank.com.co\/en\/wp-json\/wp\/v2\/media?parent=7676"}],"curies":[{"name":"wp","href":"https:\/\/api.w.org\/{rel}","templated":true}]}}